{"id":6406,"date":"2023-11-29T23:09:10","date_gmt":"2023-11-29T21:09:10","guid":{"rendered":"https:\/\/hillavillas.com\/?page_id=6406"},"modified":"2023-11-30T08:00:31","modified_gmt":"2023-11-30T06:00:31","slug":"medialle","status":"publish","type":"page","link":"https:\/\/hillavillas.com\/fi\/tietoa-meista\/medialle\/","title":{"rendered":"Medialle"},"content":{"rendered":"\n<section class=\"hero-video-bg jarallax   \" style=\"background-image: url('https:\/\/hillavillas.com\/wp-content\/uploads\/2023\/11\/medialle.jpg'); min-height: 85vh;\" >\n\t        <div class=\"hero-video-bg__overlay\" style=\"background: rgba(52,46,68,0.6)\"><\/div>\n    \n    \n\t        <div class=\"hero-video-bg__title\">\n\t\t\t<h3><span style=\"color: #ffffff;\">MEDIALLE<\/span><\/h3>\n        <\/div>\n\t\n            <div class=\"hero-video-bg__text\">\n\t\t\t<h1 style=\"text-align: center;\"><span style=\"color: #ffffff;\">Kuvat &#038; logot<\/span><\/h1>\n        <\/div>\n\t\n    \n    \n\t<\/section>\n\n\n\n<div class=\"wp-block-genesis-blocks-gb-columns gb-layout-columns-1 one-column has-sand-background-color gb-columns-center\" style=\"padding-top:45px\"><div class=\"gb-layout-column-wrap gb-block-layout-column-gap-2 gb-is-responsive-column\" style=\"max-width:1400px\">\n<div class=\"wp-block-genesis-blocks-gb-column gb-block-layout-column\"><div class=\"gb-block-layout-column-inner\"><div class=\"yoast-breadcrumbs\"><span><span><a href=\"https:\/\/hillavillas.com\/fi\/\">Home<\/a><\/span> &gt; <span><a href=\"https:\/\/hillavillas.com\/fi\/tietoa-meista\/\">Tietoa meist\u00e4<\/a><\/span> &gt; <span class=\"breadcrumb_last\" aria-current=\"page\">Medialle<\/span><\/span><\/div><\/div><\/div>\n<\/div><\/div>\n\n\n\n<section class=\"features_three_cols\" style=\"background-color: #e9e3db\">\n\n\t\n\t        <div class=\"features_three_cols__flex\">\n\t\t\t\n                <div class=\"features_three_cols__column\" style=\"color: \">\n\t\t\t\t\t\n\t\t\t\t\t                        <h6>KUVAT<\/h6>\n\t\t\t\t\t\n\t\t\t\t\t\t\t\t\t\t\t<a href=\"https:\/\/hillavillas.com\/wp-content\/uploads\/2023\/11\/HillaVillas_kuvat.zip\">Lataa Hilla Villas \u2028-kuvapaketti (194 Mt)<\/a>\t\t\t\t\t                <\/div>\n\n\t\t\t\n                <div class=\"features_three_cols__column\" style=\"color: \">\n\t\t\t\t\t\n\t\t\t\t\t                        <h6>LOGOT<\/h6>\n\t\t\t\t\t\n\t\t\t\t\t\t\t\t\t\t\t<a href=\"https:\/\/hillavillas.com\/wp-content\/uploads\/2023\/11\/HillaVillas_logo.zip\">Lataa Hilla Villas \u2028-logopaketti (1 Mt)<\/a>\t\t\t\t\t                <\/div>\n\n\t\t\t        <\/div>\n\t<\/section>\n\n\n\n<section class=\"two-cols  \" style=\"background-color: #e9e3db; background-image: url('')\">\n    <div class=\"hv_container\">\n        <div class=\"two-cols__flex content-left\">\n\n            <div class=\"two-cols__image\">\n\n\t\t\t    \n                            <\/div>\n\n\n            <div class=\"two-cols__content\">\n\t\t\t    \n\t\t\t                        <div class=\"two-cols__text\">\n\t\t\t\t\t    <p style=\"text-align: left;\">Oheiset kuvat ja logot ovat vapaasti tiedotusv\u00e4lineiden k\u00e4yt\u00f6ss\u00e4.<\/p>\n                    <\/div>\n\t\t\t    \n\t\t\t    \n\t                        <\/div>\n\n        <\/div>\n    <\/div>\n    <!-- .hv_container -->\n<\/section>\n","protected":false},"excerpt":{"rendered":"","protected":false},"author":12,"featured_media":0,"parent":1771,"menu_order":0,"comment_status":"closed","ping_status":"closed","template":"templates\/full-width.php","meta":{"_acf_changed":false,"inline_featured_image":false,"_hillavillas_theme_hide_title":true,"footnotes":""},"class_list":["post-6406","page","type-page","status-publish","hentry","post","without-featured-image"],"acf":[],"yoast_head":"<!-- This site is optimized with the Yoast SEO plugin v27.3 - https:\/\/yoast.com\/product\/yoast-seo-wordpress\/ -->\n<title>Medialle - Hilla Villas<\/title>\n<meta name=\"robots\" content=\"index, follow, max-snippet:-1, max-image-preview:large, max-video-preview:-1\" \/>\n<link rel=\"canonical\" href=\"https:\/\/hillavillas.com\/fi\/tietoa-meista\/medialle\/\" \/>\n<meta property=\"og:locale\" content=\"fi_FI\" \/>\n<meta property=\"og:type\" content=\"article\" \/>\n<meta property=\"og:title\" content=\"Medialle - Hilla Villas\" \/>\n<meta property=\"og:url\" content=\"https:\/\/hillavillas.com\/fi\/tietoa-meista\/medialle\/\" \/>\n<meta property=\"og:site_name\" content=\"Hilla Villas\" \/>\n<meta property=\"article:publisher\" content=\"https:\/\/www.facebook.com\/hillavillas\" \/>\n<meta property=\"article:modified_time\" content=\"2023-11-30T06:00:31+00:00\" \/>\n<meta name=\"twitter:card\" content=\"summary_large_image\" \/>\n<script type=\"application\/ld+json\" class=\"yoast-schema-graph\">{\"@context\":\"https:\\\/\\\/schema.org\",\"@graph\":[{\"@type\":\"WebPage\",\"@id\":\"https:\\\/\\\/hillavillas.com\\\/fi\\\/tietoa-meista\\\/medialle\\\/\",\"url\":\"https:\\\/\\\/hillavillas.com\\\/fi\\\/tietoa-meista\\\/medialle\\\/\",\"name\":\"Medialle - Hilla Villas\",\"isPartOf\":{\"@id\":\"https:\\\/\\\/hillavillas.com\\\/#website\"},\"datePublished\":\"2023-11-29T21:09:10+00:00\",\"dateModified\":\"2023-11-30T06:00:31+00:00\",\"breadcrumb\":{\"@id\":\"https:\\\/\\\/hillavillas.com\\\/fi\\\/tietoa-meista\\\/medialle\\\/#breadcrumb\"},\"inLanguage\":\"fi\",\"potentialAction\":[{\"@type\":\"ReadAction\",\"target\":[\"https:\\\/\\\/hillavillas.com\\\/fi\\\/tietoa-meista\\\/medialle\\\/\"]}]},{\"@type\":\"BreadcrumbList\",\"@id\":\"https:\\\/\\\/hillavillas.com\\\/fi\\\/tietoa-meista\\\/medialle\\\/#breadcrumb\",\"itemListElement\":[{\"@type\":\"ListItem\",\"position\":1,\"name\":\"Home\",\"item\":\"https:\\\/\\\/hillavillas.com\\\/fi\\\/\"},{\"@type\":\"ListItem\",\"position\":2,\"name\":\"Tietoa meist\u00e4\",\"item\":\"https:\\\/\\\/hillavillas.com\\\/fi\\\/tietoa-meista\\\/\"},{\"@type\":\"ListItem\",\"position\":3,\"name\":\"Medialle\"}]},{\"@type\":\"WebSite\",\"@id\":\"https:\\\/\\\/hillavillas.com\\\/#website\",\"url\":\"https:\\\/\\\/hillavillas.com\\\/\",\"name\":\"Hilla Villas\",\"description\":\"\",\"publisher\":{\"@id\":\"https:\\\/\\\/hillavillas.com\\\/#organization\"},\"potentialAction\":[{\"@type\":\"SearchAction\",\"target\":{\"@type\":\"EntryPoint\",\"urlTemplate\":\"https:\\\/\\\/hillavillas.com\\\/?s={search_term_string}\"},\"query-input\":{\"@type\":\"PropertyValueSpecification\",\"valueRequired\":true,\"valueName\":\"search_term_string\"}}],\"inLanguage\":\"fi\"},{\"@type\":\"Organization\",\"@id\":\"https:\\\/\\\/hillavillas.com\\\/#organization\",\"name\":\"Hilla Villas\",\"url\":\"https:\\\/\\\/hillavillas.com\\\/\",\"logo\":{\"@type\":\"ImageObject\",\"inLanguage\":\"fi\",\"@id\":\"https:\\\/\\\/hillavillas.com\\\/#\\\/schema\\\/logo\\\/image\\\/\",\"url\":\"https:\\\/\\\/hillavillas.com\\\/wp-content\\\/uploads\\\/2023\\\/08\\\/hv-logo-dark.svg\",\"contentUrl\":\"https:\\\/\\\/hillavillas.com\\\/wp-content\\\/uploads\\\/2023\\\/08\\\/hv-logo-dark.svg\",\"width\":1,\"height\":1,\"caption\":\"Hilla Villas\"},\"image\":{\"@id\":\"https:\\\/\\\/hillavillas.com\\\/#\\\/schema\\\/logo\\\/image\\\/\"},\"sameAs\":[\"https:\\\/\\\/www.facebook.com\\\/hillavillas\",\"https:\\\/\\\/www.instagram.com\\\/hillavillas\"]}]}<\/script>\n<!-- \/ Yoast SEO plugin. -->","yoast_head_json":{"title":"Medialle - Hilla Villas","robots":{"index":"index","follow":"follow","max-snippet":"max-snippet:-1","max-image-preview":"max-image-preview:large","max-video-preview":"max-video-preview:-1"},"canonical":"https:\/\/hillavillas.com\/fi\/tietoa-meista\/medialle\/","og_locale":"fi_FI","og_type":"article","og_title":"Medialle - Hilla Villas","og_url":"https:\/\/hillavillas.com\/fi\/tietoa-meista\/medialle\/","og_site_name":"Hilla Villas","article_publisher":"https:\/\/www.facebook.com\/hillavillas","article_modified_time":"2023-11-30T06:00:31+00:00","twitter_card":"summary_large_image","schema":{"@context":"https:\/\/schema.org","@graph":[{"@type":"WebPage","@id":"https:\/\/hillavillas.com\/fi\/tietoa-meista\/medialle\/","url":"https:\/\/hillavillas.com\/fi\/tietoa-meista\/medialle\/","name":"Medialle - Hilla Villas","isPartOf":{"@id":"https:\/\/hillavillas.com\/#website"},"datePublished":"2023-11-29T21:09:10+00:00","dateModified":"2023-11-30T06:00:31+00:00","breadcrumb":{"@id":"https:\/\/hillavillas.com\/fi\/tietoa-meista\/medialle\/#breadcrumb"},"inLanguage":"fi","potentialAction":[{"@type":"ReadAction","target":["https:\/\/hillavillas.com\/fi\/tietoa-meista\/medialle\/"]}]},{"@type":"BreadcrumbList","@id":"https:\/\/hillavillas.com\/fi\/tietoa-meista\/medialle\/#breadcrumb","itemListElement":[{"@type":"ListItem","position":1,"name":"Home","item":"https:\/\/hillavillas.com\/fi\/"},{"@type":"ListItem","position":2,"name":"Tietoa meist\u00e4","item":"https:\/\/hillavillas.com\/fi\/tietoa-meista\/"},{"@type":"ListItem","position":3,"name":"Medialle"}]},{"@type":"WebSite","@id":"https:\/\/hillavillas.com\/#website","url":"https:\/\/hillavillas.com\/","name":"Hilla Villas","description":"","publisher":{"@id":"https:\/\/hillavillas.com\/#organization"},"potentialAction":[{"@type":"SearchAction","target":{"@type":"EntryPoint","urlTemplate":"https:\/\/hillavillas.com\/?s={search_term_string}"},"query-input":{"@type":"PropertyValueSpecification","valueRequired":true,"valueName":"search_term_string"}}],"inLanguage":"fi"},{"@type":"Organization","@id":"https:\/\/hillavillas.com\/#organization","name":"Hilla Villas","url":"https:\/\/hillavillas.com\/","logo":{"@type":"ImageObject","inLanguage":"fi","@id":"https:\/\/hillavillas.com\/#\/schema\/logo\/image\/","url":"https:\/\/hillavillas.com\/wp-content\/uploads\/2023\/08\/hv-logo-dark.svg","contentUrl":"https:\/\/hillavillas.com\/wp-content\/uploads\/2023\/08\/hv-logo-dark.svg","width":1,"height":1,"caption":"Hilla Villas"},"image":{"@id":"https:\/\/hillavillas.com\/#\/schema\/logo\/image\/"},"sameAs":["https:\/\/www.facebook.com\/hillavillas","https:\/\/www.instagram.com\/hillavillas"]}]}},"featured_image_src":null,"featured_image_src_square":null,"_links":{"self":[{"href":"https:\/\/hillavillas.com\/fi\/wp-json\/wp\/v2\/pages\/6406","targetHints":{"allow":["GET"]}}],"collection":[{"href":"https:\/\/hillavillas.com\/fi\/wp-json\/wp\/v2\/pages"}],"about":[{"href":"https:\/\/hillavillas.com\/fi\/wp-json\/wp\/v2\/types\/page"}],"author":[{"embeddable":true,"href":"https:\/\/hillavillas.com\/fi\/wp-json\/wp\/v2\/users\/12"}],"replies":[{"embeddable":true,"href":"https:\/\/hillavillas.com\/fi\/wp-json\/wp\/v2\/comments?post=6406"}],"version-history":[{"count":0,"href":"https:\/\/hillavillas.com\/fi\/wp-json\/wp\/v2\/pages\/6406\/revisions"}],"up":[{"embeddable":true,"href":"https:\/\/hillavillas.com\/fi\/wp-json\/wp\/v2\/pages\/1771"}],"wp:attachment":[{"href":"https:\/\/hillavillas.com\/fi\/wp-json\/wp\/v2\/media?parent=6406"}],"curies":[{"name":"wp","href":"https:\/\/api.w.org\/{rel}","templated":true}]}}