{"id":6364,"date":"2023-11-23T22:47:48","date_gmt":"2023-11-23T20:47:48","guid":{"rendered":"https:\/\/hillavillas.com\/yleisimmat-kysymykset\/"},"modified":"2026-03-18T11:13:25","modified_gmt":"2026-03-18T09:13:25","slug":"yleisimmat-kysymykset","status":"publish","type":"page","link":"https:\/\/hillavillas.com\/fi\/yleisimmat-kysymykset\/","title":{"rendered":"Yleisimm\u00e4t kysymykset"},"content":{"rendered":"\n<h4 class=\"wp-block-heading\">Mik\u00e4 Hilla Villas on?<\/h4>\n\n\n\n<p>Hilla Villas on Lapissa sijaitsevien korkeatasoisiin huviloihin erikoistunut, uusi vuokrav\u00e4litt\u00e4j\u00e4. Kohdetarjontamme kattaa kaikki Lapin keskeiset tunturikohteet: <a href=\"https:\/\/hillavillas.com\/fi\/levi\/\">Levin<\/a>, <a href=\"\/fi\/kohde\/yllas\">Yll\u00e4ksen<\/a>, <a href=\"\/fi\/kohde\/pyha\">Pyh\u00e4n<\/a>, <a href=\"\/fi\/kohde\/ruka\/\">Rukan<\/a>, <a href=\"\/fi\/kohde\/kilpisjarvi\">Kilpisj\u00e4rven<\/a> ja <a href=\"\/fi\/kohde\/saariselka\/\">Saarisel\u00e4n<\/a>. Laadukkaan majoituksen ohella tarjoamme matkailijoille my\u00f6s kattavat el\u00e4myspalvelut paikallisten kumppaniemme kautta.<\/p>\n\n\n\n<h4 class=\"wp-block-heading\">Mik\u00e4 tekee Lapista ainutlaatuisen matkakohteen?<\/h4>\n\n\n\n<p>Lappi tunnetaan kansainv\u00e4lisesti ainutlaatuisesta luonnosta, harrastusmahdollisuuksista ja el\u00e4myksist\u00e4. Talvilajien harrastajille Lappi on my\u00f6s eritt\u00e4in lumivarma kohde. Mielest\u00e4mme Lappi on yksi maailman maagisimmista matkakohteista.<\/p>\n\n\n\n<h4 class=\"wp-block-heading\">Miten varaan majoituksen Hilla Villasista?<\/h4>\n\n\n\n<p>Varaaminen on eritt\u00e4in helppoa. Valitse verkkosivuillamme haluamasi matka-aika ja etsi itsellesi sopiva korkeatasoinen huvila. Voit my\u00f6s ottaa suoraan yhteytt\u00e4 meihin, niin voimme tehd\u00e4 valinnat kanssasi yhdess\u00e4.<\/p>\n\n\n\n<h4 class=\"wp-block-heading\">Mit\u00e4 mukavuuksia tarjoamistanne huviloista l\u00f6ytyy?<\/h4>\n\n\n\n<p>Koska huvilamme ovat eritt\u00e4in laadukkaita, niiden varustelu on korkeatasoista ja monipuolista. Jokainen kohde on ainutlaatuinen, joten my\u00f6s varustelu vaihtelee majoituskohteesta toiseen. L\u00f6yd\u00e4t t\u00e4sm\u00e4lliset tiedot mukavuuksista ja varustelusta huvilakohtaisista lis\u00e4tiedoista.<\/p>\n\n\n\n<h4 class=\"wp-block-heading\">Kuinka saan teist\u00e4 ajankohtaista tietoa?<\/h4>\n\n\n\n<p>Voit j\u00e4tt\u00e4\u00e4 meille yhteystietosi ja tilata uutiskirjeemme, seurata meit\u00e4 sosiaalisessa mediassa sek\u00e4 verkkosivuilla. Tuotamme n\u00e4ihin kanaviin jatkuvasti uutta sis\u00e4lt\u00f6\u00e4.<\/p>\n\n\n\n<h4 class=\"wp-block-heading\">Kuinka Hilla Villas eroaa muista majoitusta v\u00e4litt\u00e4vist\u00e4 palveluista?<\/h4>\n\n\n\n<p>Me olemme erilaisia monellakin tapaa.<\/p>\n\n\n\n<p>Kaikki huvilamme ovat esivalittuja, laatua ja yksityisyytt\u00e4 tarjoavia uniikkeja kohteita. Varustelutaso on eritt\u00e4in korkea, jolloin voit keskitty\u00e4 nauttimaan mukavuuksista.<\/p>\n\n\n\n<p>Palvelumme kattaa kaikki Lapin p\u00e4\u00e4tunturit: <a href=\"https:\/\/hillavillas.com\/fi\/levi\/\">Levin<\/a>, <a href=\"\/fi\/kohde\/yllas\">Yll\u00e4ksen<\/a>, <a href=\"\/fi\/kohde\/pyha\">Pyh\u00e4n<\/a>, <a href=\"\/fi\/kohde\/ruka\/\">Rukan<\/a>, <a href=\"\/fi\/kohde\/kilpisjarvi\">Kilpisj\u00e4rven<\/a> ja <a href=\"\/fi\/kohde\/saariselka\/\">Saarisel\u00e4n<\/a>.<\/p>\n\n\n\n<p>Fokuksemme on vastuullisessa matkailussa, ja otamme t\u00e4m\u00e4n huomioon my\u00f6s kohteiden valinnassa.<\/p>\n\n\n\n<p>Tarjoamme majoituksen ohella helposti valittavalla tavalla my\u00f6s laajan valikoiman el\u00e4myspalveluja. Voit valita ohjelmaasi vaikkapa revontuliretken, vierailun shamaanilla, avantouinnin tai poroajelun. Huikeat hiihto- ja laskettelumahdollisuudet ovat aina suoraan oven takana.<\/p>\n\n\n\n<h4 class=\"wp-block-heading\">Kuinka paljon huvilan vuokraus maksaa?<\/h4>\n\n\n\n<p>Huvilan vuokra vaihtelee muun muassa huvilan koon ja sijainnin, vuodenajan ja majoituksen keston mukaan. Kaikki kohteemme ovat laadukkaita, mutta vaihtoehtoja l\u00f6ytyy silti laajasti erilaisiin budjetteihin. Halutessasi voit kysy\u00e4 t\u00e4ss\u00e4kin apua suoraan meilt\u00e4.<\/p>\n","protected":false},"excerpt":{"rendered":"<p>Mik\u00e4 Hilla Villas on? Hilla Villas on Lapissa sijaitsevien korkeatasoisiin huviloihin erikoistunut, uusi vuokrav\u00e4litt\u00e4j\u00e4. Kohdetarjontamme kattaa kaikki Lapin keskeiset tunturikohteet: &hellip;<\/p>\n","protected":false},"author":12,"featured_media":6404,"parent":0,"menu_order":0,"comment_status":"closed","ping_status":"closed","template":"templates\/thumb-above-title.php","meta":{"_acf_changed":false,"inline_featured_image":false,"_hillavillas_theme_hide_title":false,"footnotes":""},"class_list":["post-6364","page","type-page","status-publish","has-post-thumbnail","hentry","post","with-featured-image"],"acf":[],"yoast_head":"<!-- This site is optimized with the Yoast SEO plugin v27.3 - https:\/\/yoast.com\/product\/yoast-seo-wordpress\/ -->\n<title>Yleisimm\u00e4t kysymykset - Hilla Villas<\/title>\n<meta name=\"robots\" content=\"index, follow, max-snippet:-1, max-image-preview:large, max-video-preview:-1\" \/>\n<link rel=\"canonical\" href=\"https:\/\/hillavillas.com\/fi\/yleisimmat-kysymykset\/\" \/>\n<meta property=\"og:locale\" content=\"fi_FI\" \/>\n<meta property=\"og:type\" content=\"article\" \/>\n<meta property=\"og:title\" content=\"Yleisimm\u00e4t kysymykset - Hilla Villas\" \/>\n<meta property=\"og:description\" content=\"Mik\u00e4 Hilla Villas on? Hilla Villas on Lapissa sijaitsevien korkeatasoisiin huviloihin erikoistunut, uusi vuokrav\u00e4litt\u00e4j\u00e4. Kohdetarjontamme kattaa kaikki Lapin keskeiset tunturikohteet: &hellip;\" \/>\n<meta property=\"og:url\" content=\"https:\/\/hillavillas.com\/fi\/yleisimmat-kysymykset\/\" \/>\n<meta property=\"og:site_name\" content=\"Hilla Villas\" \/>\n<meta property=\"article:publisher\" content=\"https:\/\/www.facebook.com\/hillavillas\" \/>\n<meta property=\"article:modified_time\" content=\"2026-03-18T09:13:25+00:00\" \/>\n<meta name=\"twitter:card\" content=\"summary_large_image\" \/>\n<meta name=\"twitter:label1\" content=\"Arvioitu lukuaika\" \/>\n\t<meta name=\"twitter:data1\" content=\"2 minuuttia\" \/>\n<script type=\"application\/ld+json\" class=\"yoast-schema-graph\">{\"@context\":\"https:\\\/\\\/schema.org\",\"@graph\":[{\"@type\":\"WebPage\",\"@id\":\"https:\\\/\\\/hillavillas.com\\\/fi\\\/yleisimmat-kysymykset\\\/\",\"url\":\"https:\\\/\\\/hillavillas.com\\\/fi\\\/yleisimmat-kysymykset\\\/\",\"name\":\"Yleisimm\u00e4t kysymykset - Hilla Villas\",\"isPartOf\":{\"@id\":\"https:\\\/\\\/hillavillas.com\\\/#website\"},\"primaryImageOfPage\":{\"@id\":\"https:\\\/\\\/hillavillas.com\\\/fi\\\/yleisimmat-kysymykset\\\/#primaryimage\"},\"image\":{\"@id\":\"https:\\\/\\\/hillavillas.com\\\/fi\\\/yleisimmat-kysymykset\\\/#primaryimage\"},\"thumbnailUrl\":\"https:\\\/\\\/hillavillas.com\\\/wp-content\\\/uploads\\\/2023\\\/11\\\/faq.svg\",\"datePublished\":\"2023-11-23T20:47:48+00:00\",\"dateModified\":\"2026-03-18T09:13:25+00:00\",\"breadcrumb\":{\"@id\":\"https:\\\/\\\/hillavillas.com\\\/fi\\\/yleisimmat-kysymykset\\\/#breadcrumb\"},\"inLanguage\":\"fi\",\"potentialAction\":[{\"@type\":\"ReadAction\",\"target\":[\"https:\\\/\\\/hillavillas.com\\\/fi\\\/yleisimmat-kysymykset\\\/\"]}]},{\"@type\":\"ImageObject\",\"inLanguage\":\"fi\",\"@id\":\"https:\\\/\\\/hillavillas.com\\\/fi\\\/yleisimmat-kysymykset\\\/#primaryimage\",\"url\":\"https:\\\/\\\/hillavillas.com\\\/wp-content\\\/uploads\\\/2023\\\/11\\\/faq.svg\",\"contentUrl\":\"https:\\\/\\\/hillavillas.com\\\/wp-content\\\/uploads\\\/2023\\\/11\\\/faq.svg\",\"width\":457,\"height\":389},{\"@type\":\"BreadcrumbList\",\"@id\":\"https:\\\/\\\/hillavillas.com\\\/fi\\\/yleisimmat-kysymykset\\\/#breadcrumb\",\"itemListElement\":[{\"@type\":\"ListItem\",\"position\":1,\"name\":\"Home\",\"item\":\"https:\\\/\\\/hillavillas.com\\\/fi\\\/\"},{\"@type\":\"ListItem\",\"position\":2,\"name\":\"Yleisimm\u00e4t kysymykset\"}]},{\"@type\":\"WebSite\",\"@id\":\"https:\\\/\\\/hillavillas.com\\\/#website\",\"url\":\"https:\\\/\\\/hillavillas.com\\\/\",\"name\":\"Hilla Villas\",\"description\":\"\",\"publisher\":{\"@id\":\"https:\\\/\\\/hillavillas.com\\\/#organization\"},\"potentialAction\":[{\"@type\":\"SearchAction\",\"target\":{\"@type\":\"EntryPoint\",\"urlTemplate\":\"https:\\\/\\\/hillavillas.com\\\/?s={search_term_string}\"},\"query-input\":{\"@type\":\"PropertyValueSpecification\",\"valueRequired\":true,\"valueName\":\"search_term_string\"}}],\"inLanguage\":\"fi\"},{\"@type\":\"Organization\",\"@id\":\"https:\\\/\\\/hillavillas.com\\\/#organization\",\"name\":\"Hilla Villas\",\"url\":\"https:\\\/\\\/hillavillas.com\\\/\",\"logo\":{\"@type\":\"ImageObject\",\"inLanguage\":\"fi\",\"@id\":\"https:\\\/\\\/hillavillas.com\\\/#\\\/schema\\\/logo\\\/image\\\/\",\"url\":\"https:\\\/\\\/hillavillas.com\\\/wp-content\\\/uploads\\\/2023\\\/08\\\/hv-logo-dark.svg\",\"contentUrl\":\"https:\\\/\\\/hillavillas.com\\\/wp-content\\\/uploads\\\/2023\\\/08\\\/hv-logo-dark.svg\",\"width\":1,\"height\":1,\"caption\":\"Hilla Villas\"},\"image\":{\"@id\":\"https:\\\/\\\/hillavillas.com\\\/#\\\/schema\\\/logo\\\/image\\\/\"},\"sameAs\":[\"https:\\\/\\\/www.facebook.com\\\/hillavillas\",\"https:\\\/\\\/www.instagram.com\\\/hillavillas\"]}]}<\/script>\n<!-- \/ Yoast SEO plugin. -->","yoast_head_json":{"title":"Yleisimm\u00e4t kysymykset - Hilla Villas","robots":{"index":"index","follow":"follow","max-snippet":"max-snippet:-1","max-image-preview":"max-image-preview:large","max-video-preview":"max-video-preview:-1"},"canonical":"https:\/\/hillavillas.com\/fi\/yleisimmat-kysymykset\/","og_locale":"fi_FI","og_type":"article","og_title":"Yleisimm\u00e4t kysymykset - Hilla Villas","og_description":"Mik\u00e4 Hilla Villas on? Hilla Villas on Lapissa sijaitsevien korkeatasoisiin huviloihin erikoistunut, uusi vuokrav\u00e4litt\u00e4j\u00e4. Kohdetarjontamme kattaa kaikki Lapin keskeiset tunturikohteet: &hellip;","og_url":"https:\/\/hillavillas.com\/fi\/yleisimmat-kysymykset\/","og_site_name":"Hilla Villas","article_publisher":"https:\/\/www.facebook.com\/hillavillas","article_modified_time":"2026-03-18T09:13:25+00:00","twitter_card":"summary_large_image","twitter_misc":{"Arvioitu lukuaika":"2 minuuttia"},"schema":{"@context":"https:\/\/schema.org","@graph":[{"@type":"WebPage","@id":"https:\/\/hillavillas.com\/fi\/yleisimmat-kysymykset\/","url":"https:\/\/hillavillas.com\/fi\/yleisimmat-kysymykset\/","name":"Yleisimm\u00e4t kysymykset - Hilla Villas","isPartOf":{"@id":"https:\/\/hillavillas.com\/#website"},"primaryImageOfPage":{"@id":"https:\/\/hillavillas.com\/fi\/yleisimmat-kysymykset\/#primaryimage"},"image":{"@id":"https:\/\/hillavillas.com\/fi\/yleisimmat-kysymykset\/#primaryimage"},"thumbnailUrl":"https:\/\/hillavillas.com\/wp-content\/uploads\/2023\/11\/faq.svg","datePublished":"2023-11-23T20:47:48+00:00","dateModified":"2026-03-18T09:13:25+00:00","breadcrumb":{"@id":"https:\/\/hillavillas.com\/fi\/yleisimmat-kysymykset\/#breadcrumb"},"inLanguage":"fi","potentialAction":[{"@type":"ReadAction","target":["https:\/\/hillavillas.com\/fi\/yleisimmat-kysymykset\/"]}]},{"@type":"ImageObject","inLanguage":"fi","@id":"https:\/\/hillavillas.com\/fi\/yleisimmat-kysymykset\/#primaryimage","url":"https:\/\/hillavillas.com\/wp-content\/uploads\/2023\/11\/faq.svg","contentUrl":"https:\/\/hillavillas.com\/wp-content\/uploads\/2023\/11\/faq.svg","width":457,"height":389},{"@type":"BreadcrumbList","@id":"https:\/\/hillavillas.com\/fi\/yleisimmat-kysymykset\/#breadcrumb","itemListElement":[{"@type":"ListItem","position":1,"name":"Home","item":"https:\/\/hillavillas.com\/fi\/"},{"@type":"ListItem","position":2,"name":"Yleisimm\u00e4t kysymykset"}]},{"@type":"WebSite","@id":"https:\/\/hillavillas.com\/#website","url":"https:\/\/hillavillas.com\/","name":"Hilla Villas","description":"","publisher":{"@id":"https:\/\/hillavillas.com\/#organization"},"potentialAction":[{"@type":"SearchAction","target":{"@type":"EntryPoint","urlTemplate":"https:\/\/hillavillas.com\/?s={search_term_string}"},"query-input":{"@type":"PropertyValueSpecification","valueRequired":true,"valueName":"search_term_string"}}],"inLanguage":"fi"},{"@type":"Organization","@id":"https:\/\/hillavillas.com\/#organization","name":"Hilla Villas","url":"https:\/\/hillavillas.com\/","logo":{"@type":"ImageObject","inLanguage":"fi","@id":"https:\/\/hillavillas.com\/#\/schema\/logo\/image\/","url":"https:\/\/hillavillas.com\/wp-content\/uploads\/2023\/08\/hv-logo-dark.svg","contentUrl":"https:\/\/hillavillas.com\/wp-content\/uploads\/2023\/08\/hv-logo-dark.svg","width":1,"height":1,"caption":"Hilla Villas"},"image":{"@id":"https:\/\/hillavillas.com\/#\/schema\/logo\/image\/"},"sameAs":["https:\/\/www.facebook.com\/hillavillas","https:\/\/www.instagram.com\/hillavillas"]}]}},"featured_image_src":"https:\/\/hillavillas.com\/wp-content\/uploads\/2023\/11\/faq.svg","featured_image_src_square":"https:\/\/hillavillas.com\/wp-content\/uploads\/2023\/11\/faq.svg","_links":{"self":[{"href":"https:\/\/hillavillas.com\/fi\/wp-json\/wp\/v2\/pages\/6364","targetHints":{"allow":["GET"]}}],"collection":[{"href":"https:\/\/hillavillas.com\/fi\/wp-json\/wp\/v2\/pages"}],"about":[{"href":"https:\/\/hillavillas.com\/fi\/wp-json\/wp\/v2\/types\/page"}],"author":[{"embeddable":true,"href":"https:\/\/hillavillas.com\/fi\/wp-json\/wp\/v2\/users\/12"}],"replies":[{"embeddable":true,"href":"https:\/\/hillavillas.com\/fi\/wp-json\/wp\/v2\/comments?post=6364"}],"version-history":[{"count":0,"href":"https:\/\/hillavillas.com\/fi\/wp-json\/wp\/v2\/pages\/6364\/revisions"}],"wp:featuredmedia":[{"embeddable":true,"href":"https:\/\/hillavillas.com\/fi\/wp-json\/wp\/v2\/media\/6404"}],"wp:attachment":[{"href":"https:\/\/hillavillas.com\/fi\/wp-json\/wp\/v2\/media?parent=6364"}],"curies":[{"name":"wp","href":"https:\/\/api.w.org\/{rel}","templated":true}]}}